{"id":2927818,"date":"2025-07-22T15:52:53","date_gmt":"2025-07-22T12:52:53","guid":{"rendered":"https:\/\/dev.iqpro.ai\/about-iq-booster\/"},"modified":"2026-03-09T14:56:29","modified_gmt":"2026-03-09T12:56:29","slug":"about-iq-booster","status":"publish","type":"page","link":"https:\/\/dev.iqpro.ai\/vi\/about-iq-booster\/","title":{"rendered":"Gi\u1edbi thi\u1ec7u v\u1ec1 IQ Booster"},"content":{"rendered":"<p>IQ Booster l\u00e0 d\u1ecbch v\u1ee5 r\u00e8n luy\u1ec7n tr\u00ed n\u00e3o \u0111\u01b0\u1ee3c cung c\u1ea5p b\u1edfi iqpro.ai nh\u1eb1m gi\u00fap ng\u01b0\u1eddi d\u00f9ng n\u00e2ng cao k\u1ef9 n\u0103ng nh\u1eadn th\u1ee9c c\u1ee7a m\u00ecnh.<\/p>\n<p>L\u00e0 m\u1ed9t ph\u1ea7n c\u1ee7a tr\u1ea3i nghi\u1ec7m iqpro.ai, nh\u1eefng ng\u01b0\u1eddi d\u00f9ng ho\u00e0n th\u00e0nh B\u00e0i ki\u1ec3m tra IQ s\u1ebd \u0111\u01b0\u1ee3c m\u1eddi tham gia IQ Booster \u0111\u1ec3 tr\u1ea3i nghi\u1ec7m r\u00e8n luy\u1ec7n tr\u00ed n\u00e3o ti\u00ean ti\u1ebfn v\u00e0 \u0111\u01b0\u1ee3c c\u00e1 nh\u00e2n h\u00f3a h\u01a1n. IQ Booster l\u00e0 m\u1ed9t d\u1ecbch v\u1ee5 cao c\u1ea5p, v\u00e0 quy\u1ec1n truy c\u1eadp c\u00f3 th\u1ec3 \u0111\u01b0\u1ee3c mua th\u00f4ng qua m\u1ed9t l\u1ea7n thanh to\u00e1n ho\u1eb7c c\u00e1c g\u00f3i \u0111\u0103ng k\u00fd linh ho\u1ea1t.<\/p>\n<p>T\u1ea1i IQ Booster, ch\u00fang t\u00f4i cam k\u1ebft gi\u00fap b\u1ea1n khai ph\u00e1 to\u00e0n b\u1ed9 ti\u1ec1m n\u0103ng c\u1ee7a b\u1ed9 n\u00e3o. Gi\u1ed1ng nh\u01b0 c\u01a1 th\u1ec3, b\u1ed9 n\u00e3o c\u1ee7a b\u1ea1n c\u0169ng c\u1ea7n \u0111\u01b0\u1ee3c luy\u1ec7n t\u1eadp th\u01b0\u1eddng xuy\u00ean \u0111\u1ec3 gi\u1eef cho tinh th\u1ea7n s\u1eafc b\u00e9n, nhanh nh\u1ea1y v\u00e0 s\u1eb5n s\u00e0ng \u0111\u1ed1i m\u1eb7t v\u1edbi m\u1ecdi th\u1eed th\u00e1ch. N\u1ec1n t\u1ea3ng c\u1ee7a ch\u00fang t\u00f4i \u0111\u01b0\u1ee3c thi\u1ebft k\u1ebf \u0111\u1ec3 gi\u00fap b\u1ea1n n\u00e2ng cao nh\u1eefng k\u1ef9 n\u0103ng nh\u1eadn th\u1ee9c quan tr\u1ecdng th\u00f4ng qua c\u00e1c b\u00e0i t\u1eadp h\u1ea5p d\u1eabn v\u00e0 \u0111\u01b0\u1ee3c h\u1ed7 tr\u1ee3 b\u1edfi khoa h\u1ecdc.<\/p>\n<p>D\u00f9 b\u1ea1n mu\u1ed1n c\u1ea3i thi\u1ec7n tr\u00ed nh\u1edb, n\u00e2ng cao s\u1ef1 t\u1eadp trung, t\u0103ng c\u01b0\u1eddng kh\u1ea3 n\u0103ng gi\u1ea3i quy\u1ebft v\u1ea5n \u0111\u1ec1 hay r\u00e8n luy\u1ec7n s\u1ef1 linh ho\u1ea1t v\u1ec1 tinh th\u1ea7n, IQ Booster cung c\u1ea5p c\u00e1c c\u00f4ng c\u1ee5 gi\u00fap b\u1ea1n th\u00e0nh c\u00f4ng. V\u1edbi n\u1ec1n t\u1ea3ng th\u00e2n thi\u1ec7n v\u1edbi ng\u01b0\u1eddi d\u00f9ng v\u00e0 c\u00e1c ch\u01b0\u01a1ng tr\u00ecnh r\u00e8n luy\u1ec7n c\u00e1 nh\u00e2n h\u00f3a, IQ Booster \u0111\u1ed3ng h\u00e0nh c\u00f9ng b\u1ea1n tr\u00ean h\u00e0nh tr\u00ecnh tr\u1edf n\u00ean t\u1ef1 tin v\u00e0 hi\u1ec7u qu\u1ea3 h\u01a1n trong m\u1ecdi kh\u00eda c\u1ea1nh c\u1ee7a cu\u1ed9c s\u1ed1ng.<\/p>\n<p>IQ Booster cung c\u1ea5p c\u00e1c b\u00e0i t\u1eadp h\u00e0ng ng\u00e0y tr\u00ean nhi\u1ec1u ch\u1ee7 \u0111\u1ec1 quan tr\u1ecdng. M\u1ed7i b\u00e0i t\u1eadp \u0111\u01b0\u1ee3c thi\u1ebft k\u1ebf nh\u1eb1m gi\u00fap b\u1ea1n x\u00e2y d\u1ef1ng v\u00e0 duy tr\u00ec hi\u1ec7u su\u1ea5t tinh th\u1ea7n m\u1ea1nh m\u1ebd h\u01a1n theo th\u1eddi gian.<\/p>\n<p><strong>suy lu\u1eadn logic<\/strong><\/p>\n<p>C\u00e1c c\u00e2u h\u1ecfi v\u1ec1 Suy Lu\u1eadn Logic y\u00eau c\u1ea7u b\u1ea1n s\u1eed d\u1ee5ng k\u1ef9 n\u0103ng t\u01b0 duy ph\u1ea3n bi\u1ec7n \u0111\u1ec3 \u0111\u00e1nh gi\u00e1 m\u1ed1i quan h\u1ec7 logic gi\u1eefa c\u00e1c ph\u00e1t bi\u1ec3u ho\u1eb7c l\u1eadp lu\u1eadn. B\u1ea1n s\u1ebd \u00e1p d\u1ee5ng k\u1ef9 n\u0103ng t\u01b0 duy ph\u1ea3n bi\u1ec7n \u0111\u1ec3 \u0111\u00e1nh gi\u00e1 c\u00e1c m\u1ed1i li\u00ean k\u1ebft logic gi\u1eefa c\u00e1c ph\u00e1t bi\u1ec3u ho\u1eb7c l\u1eadp lu\u1eadn \u0111\u00f3.<\/p>\n<p><img loading=\"lazy\" decoding=\"async\" class=\"img-fluid d-block mx-auto my-5 aligncenter wp-image-3113908 size-full\" src=\"https:\/\/dev.iqpro.ai\/wp-content\/uploads\/2026\/03\/locial-en-3.png\" alt=\"\" width=\"1259\" height=\"762\" srcset=\"https:\/\/dev.iqpro.ai\/wp-content\/uploads\/2026\/03\/locial-en-3.png 1259w, https:\/\/dev.iqpro.ai\/wp-content\/uploads\/2026\/03\/locial-en-3-300x182.png 300w, https:\/\/dev.iqpro.ai\/wp-content\/uploads\/2026\/03\/locial-en-3-1024x620.png 1024w, https:\/\/dev.iqpro.ai\/wp-content\/uploads\/2026\/03\/locial-en-3-768x465.png 768w\" sizes=\"auto, (max-width: 1259px) 100vw, 1259px\" \/><\/p>\n<p><strong>D\u00e3y S\u1ed1<\/strong><\/p>\n<p>Tham gia v\u00e0o c\u00e1c c\u00e2u h\u1ecfi D\u00e3y S\u1ed1 \u0111\u1ec3 ki\u1ec3m tra kh\u1ea3 n\u0103ng nh\u1eadn bi\u1ebft v\u00e0 d\u1ef1 \u0111o\u00e1n c\u00e1c m\u1eabu s\u1ed1 trong d\u00e3y s\u1ed1. C\u00e1c b\u00e0i t\u1eadp n\u00e0y c\u00f3 th\u1ec3 bao g\u1ed3m vi\u1ec7c t\u00ecm s\u1ed1 c\u00f2n thi\u1ebfu, x\u00e1c \u0111\u1ecbnh s\u1ed1 ti\u1ebfp theo trong d\u00e3y, v\u00e0 ph\u00e1t hi\u1ec7n quy lu\u1eadt ti\u1ec1m \u1ea9n.<\/p>\n<p><img loading=\"lazy\" decoding=\"async\" class=\"img-fluid d-block mx-auto my-5 aligncenter wp-image-3113907 size-full\" src=\"https:\/\/dev.iqpro.ai\/wp-content\/uploads\/2026\/03\/numbersequance-en-3.png\" alt=\"\" width=\"1260\" height=\"742\" srcset=\"https:\/\/dev.iqpro.ai\/wp-content\/uploads\/2026\/03\/numbersequance-en-3.png 1260w, https:\/\/dev.iqpro.ai\/wp-content\/uploads\/2026\/03\/numbersequance-en-3-300x177.png 300w, https:\/\/dev.iqpro.ai\/wp-content\/uploads\/2026\/03\/numbersequance-en-3-1024x603.png 1024w, https:\/\/dev.iqpro.ai\/wp-content\/uploads\/2026\/03\/numbersequance-en-3-768x452.png 768w\" sizes=\"auto, (max-width: 1260px) 100vw, 1260px\" \/><\/p>\n<p><strong>Ng\u00f4n Ng\u1eef Bi\u1ec3u T\u01b0\u1ee3ng<\/strong><\/p>\n<p>C\u00e1c c\u00e2u h\u1ecfi Ng\u00f4n Ng\u1eef Bi\u1ec3u T\u01b0\u1ee3ng y\u00eau c\u1ea7u b\u1ea1n s\u1eed d\u1ee5ng c\u00e1c k\u00fd hi\u1ec7u \u0111\u1ec3 th\u1ec3 hi\u1ec7n m\u1ed1i quan h\u1ec7 gi\u1eefa c\u00e1c \u0111\u1ed1i t\u01b0\u1ee3ng, kh\u00e1i ni\u1ec7m ho\u1eb7c \u00fd t\u01b0\u1edfng. H\u00e3y th\u1eed t\u00ecm ra c\u00e1c t\u1eeb d\u1ecbch t\u1eeb nhi\u1ec1u c\u1ed9t c\u1ee7a c\u00e1c \u201ct\u1eeb \u0111i\u1ec3n\u201d bi\u1ec3u t\u01b0\u1ee3ng kh\u00e1c nhau v\u00e0 ch\u1ed3ng l\u1ea5p l\u00ean nhau.<\/p>\n<p><img loading=\"lazy\" decoding=\"async\" class=\"img-fluid d-block mx-auto my-5 aligncenter wp-image-3113905 size-full\" src=\"https:\/\/dev.iqpro.ai\/wp-content\/uploads\/2026\/03\/symbolic-en-3.png\" alt=\"\" width=\"1261\" height=\"768\" srcset=\"https:\/\/dev.iqpro.ai\/wp-content\/uploads\/2026\/03\/symbolic-en-3.png 1261w, https:\/\/dev.iqpro.ai\/wp-content\/uploads\/2026\/03\/symbolic-en-3-300x183.png 300w, https:\/\/dev.iqpro.ai\/wp-content\/uploads\/2026\/03\/symbolic-en-3-1024x624.png 1024w, https:\/\/dev.iqpro.ai\/wp-content\/uploads\/2026\/03\/symbolic-en-3-768x468.png 768w\" sizes=\"auto, (max-width: 1261px) 100vw, 1261px\" \/><\/p>\n<p><strong>Ki\u1ebfn Th\u1ee9c Chung<\/strong><\/p>\n<p>C\u00e1c c\u00e2u h\u1ecfi Ki\u1ebfn Th\u1ee9c Chung \u0111\u00e1nh gi\u00e1 ki\u1ebfn th\u1ee9c r\u1ed9ng c\u1ee7a b\u1ea1n tr\u00ean nhi\u1ec1u l\u0129nh v\u1ef1c kh\u00e1c nhau, y\u00eau c\u1ea7u b\u1ea1n c\u00f3 s\u1ef1 hi\u1ec3u bi\u1ebft to\u00e0n di\u1ec7n v\u1ec1 th\u00f4ng tin v\u00e0 c\u00e1c s\u1ef1 ki\u1ec7n.<\/p>\n<p>H\u00e3y ki\u1ec3m tra ki\u1ebfn th\u1ee9c chung c\u1ee7a b\u1ea1n tr\u00ean nhi\u1ec1u ch\u1ee7 \u0111\u1ec1, ch\u1eb3ng h\u1ea1n nh\u01b0 l\u1ecbch s\u1eed, \u0111\u1ecba l\u00fd, khoa h\u1ecdc, ngh\u1ec7 thu\u1eadt, v\u0103n h\u1ecdc v\u00e0 v\u0103n h\u00f3a \u0111\u1ea1i ch\u00fang.<\/p>\n<p><img loading=\"lazy\" decoding=\"async\" class=\"img-fluid d-block mx-auto my-5 aligncenter wp-image-3113903 size-full\" src=\"https:\/\/dev.iqpro.ai\/wp-content\/uploads\/2026\/03\/general-knowledge-en-3.png\" alt=\"\" width=\"1263\" height=\"773\" srcset=\"https:\/\/dev.iqpro.ai\/wp-content\/uploads\/2026\/03\/general-knowledge-en-3.png 1263w, https:\/\/dev.iqpro.ai\/wp-content\/uploads\/2026\/03\/general-knowledge-en-3-300x184.png 300w, https:\/\/dev.iqpro.ai\/wp-content\/uploads\/2026\/03\/general-knowledge-en-3-1024x627.png 1024w, https:\/\/dev.iqpro.ai\/wp-content\/uploads\/2026\/03\/general-knowledge-en-3-768x470.png 768w\" sizes=\"auto, (max-width: 1263px) 100vw, 1263px\" \/><\/p>\n<p>&nbsp;<\/p>\n<p><strong>Suy Lu\u1eadn Th\u1ecb Gi\u00e1c<\/strong><\/p>\n<p>C\u00e1c th\u1eed th\u00e1ch v\u1ec1 Th\u1ecb gi\u00e1c\/Kh\u00f4ng gian bao g\u1ed3m vi\u1ec7c nh\u1eadn di\u1ec7n c\u00e1c m\u1eabu h\u00ecnh, xoay c\u00e1c v\u1eadt th\u1ec3 trong \u0111\u1ea7u, gi\u1ea3i quy\u1ebft c\u00e1c v\u1ea5n \u0111\u1ec1 kh\u00f4ng gian v\u00e0 h\u00ecnh dung c\u00e1c c\u1ea5u tr\u00fac ph\u1ee9c t\u1ea1p.<\/p>\n<p><img loading=\"lazy\" decoding=\"async\" class=\"img-fluid d-block mx-auto my-5 aligncenter wp-image-3113902 size-full\" src=\"https:\/\/dev.iqpro.ai\/wp-content\/uploads\/2026\/03\/visual-en-3.png\" alt=\"\" width=\"1260\" height=\"771\" srcset=\"https:\/\/dev.iqpro.ai\/wp-content\/uploads\/2026\/03\/visual-en-3.png 1260w, https:\/\/dev.iqpro.ai\/wp-content\/uploads\/2026\/03\/visual-en-3-300x184.png 300w, https:\/\/dev.iqpro.ai\/wp-content\/uploads\/2026\/03\/visual-en-3-1024x627.png 1024w, https:\/\/dev.iqpro.ai\/wp-content\/uploads\/2026\/03\/visual-en-3-768x470.png 768w\" sizes=\"auto, (max-width: 1260px) 100vw, 1260px\" \/><\/p>\n<p><strong>Theo D\u00f5i Ti\u1ebfn Tr\u00ecnh<\/strong><\/p>\n<p>V\u1edbi IQ Booster, b\u1ea1n c\u0169ng c\u00f3 th\u1ec3 theo d\u00f5i ti\u1ebfn tr\u00ecnh c\u1ee7a m\u00ecnh tr\u00ean c\u00e1c l\u0129nh v\u1ef1c nh\u1eadn th\u1ee9c kh\u00e1c nhau. N\u1ec1n t\u1ea3ng s\u1ebd hi\u1ec3n th\u1ecb ch\u00ednh x\u00e1c v\u1ecb tr\u00ed hi\u1ec7n t\u1ea1i c\u1ee7a b\u1ea1n, l\u00e0m n\u1ed5i b\u1eadt \u0111i\u1ec3m m\u1ea1nh v\u00e0 \u0111i\u1ec3m y\u1ebfu, v\u00e0 gi\u00fap b\u1ea1n x\u00e1c \u0111\u1ecbnh nh\u1eefng khu v\u1ef1c c\u1ea7n c\u1ea3i thi\u1ec7n. \u0110i\u1ec1u n\u00e0y cho ph\u00e9p b\u1ea1n c\u00e1 nh\u00e2n h\u00f3a qu\u00e1 tr\u00ecnh luy\u1ec7n t\u1eadp v\u00e0 t\u1eadp trung v\u00e0o nh\u1eefng k\u1ef9 n\u0103ng quan tr\u1ecdng nh\u1ea5t \u0111\u1ed1i v\u1edbi b\u1ea1n.<\/p>\n<p><img loading=\"lazy\" decoding=\"async\" class=\"img-fluid d-block mx-auto my-5 aligncenter wp-image-3115534 size-full\" src=\"https:\/\/dev.iqpro.ai\/wp-content\/uploads\/2026\/03\/dashboard-en-6.png\" alt=\"\" width=\"1657\" height=\"899\" srcset=\"https:\/\/dev.iqpro.ai\/wp-content\/uploads\/2026\/03\/dashboard-en-6.png 1657w, https:\/\/dev.iqpro.ai\/wp-content\/uploads\/2026\/03\/dashboard-en-6-300x163.png 300w, https:\/\/dev.iqpro.ai\/wp-content\/uploads\/2026\/03\/dashboard-en-6-1024x556.png 1024w, https:\/\/dev.iqpro.ai\/wp-content\/uploads\/2026\/03\/dashboard-en-6-768x417.png 768w, https:\/\/dev.iqpro.ai\/wp-content\/uploads\/2026\/03\/dashboard-en-6-1536x833.png 1536w\" sizes=\"auto, (max-width: 1657px) 100vw, 1657px\" \/><\/p>\n<p><strong>Tr\u00f2 Ch\u01a1i Tr\u00ed N\u00e3o<\/strong><\/p>\n<p>B\u00ean c\u1ea1nh c\u00e1c b\u00e0i t\u1eadp h\u00e0ng ng\u00e0y, b\u1ea1n c\u00f2n c\u00f3 th\u1ec3 th\u01b0\u1edfng th\u1ee9c v\u00f4 s\u1ed1 tr\u00f2 ch\u01a1i tr\u00ed n\u00e3o gi\u00fap r\u00e8n luy\u1ec7n tr\u00ed nh\u1edb, n\u00e2ng cao s\u1ef1 t\u1eadp trung, c\u1ea3i thi\u1ec7n kh\u1ea3 n\u0103ng gi\u1ea3i quy\u1ebft v\u1ea5n \u0111\u1ec1 v\u00e0 t\u0103ng c\u01b0\u1eddng k\u1ef9 n\u0103ng t\u01b0 duy ph\u1ea3n bi\u1ec7n \u2014 t\u1ea5t c\u1ea3 \u0111\u1ec1u \u0111\u01b0\u1ee3c thi\u1ebft k\u1ebf \u0111\u1ec3 gi\u1eef cho b\u1ed9 n\u00e3o c\u1ee7a b\u1ea1n lu\u00f4n ho\u1ea1t \u0111\u1ed9ng v\u00e0 ph\u00e1t tri\u1ec3n.<\/p>\n<p><img loading=\"lazy\" decoding=\"async\" class=\"img-fluid d-block mx-auto my-5 aligncenter wp-image-3113900 size-full\" src=\"https:\/\/dev.iqpro.ai\/wp-content\/uploads\/2026\/03\/all-game-3.png\" alt=\"\" width=\"1262\" height=\"779\" srcset=\"https:\/\/dev.iqpro.ai\/wp-content\/uploads\/2026\/03\/all-game-3.png 1262w, https:\/\/dev.iqpro.ai\/wp-content\/uploads\/2026\/03\/all-game-3-300x185.png 300w, https:\/\/dev.iqpro.ai\/wp-content\/uploads\/2026\/03\/all-game-3-1024x632.png 1024w, https:\/\/dev.iqpro.ai\/wp-content\/uploads\/2026\/03\/all-game-3-768x474.png 768w\" sizes=\"auto, (max-width: 1262px) 100vw, 1262px\" \/><\/p>\n<p>B\u1ea1n c\u00f3 th\u1ec3 th\u01b0\u1edfng th\u1ee9c IQ Booster b\u1ea5t c\u1ee9 l\u00fac n\u00e0o, b\u1ea5t c\u1ee9 n\u01a1i \u0111\u00e2u \u2014 t\u1eeb m\u00e1y t\u00ednh \u0111\u1ec3 b\u00e0n, m\u00e1y t\u00ednh b\u1ea3ng ho\u1eb7c \u0111i\u1ec7n tho\u1ea1i di \u0111\u1ed9ng. D\u1ecbch v\u1ee5 cung c\u1ea5p \u0111a d\u1ea1ng c\u00e1c tr\u00f2 ch\u01a1i tr\u00ed n\u00e3o vui nh\u1ed9n v\u00e0 \u0111\u1ea7y th\u1eed th\u00e1ch, \u0111\u01b0\u1ee3c thi\u1ebft k\u1ebf \u0111\u1ec3 k\u00edch th\u00edch b\u1ed9 n\u00e3o c\u1ee7a b\u1ea1n v\u00e0 gi\u00fap b\u1ea1n c\u1ea3i thi\u1ec7n kh\u1ea3 n\u0103ng nh\u1eadn th\u1ee9c m\u1ed9t c\u00e1ch \u0111\u1ec1u \u0111\u1eb7n.<\/p>\n<p>H\u00e3y luy\u1ec7n t\u1eadp th\u00f4ng minh h\u01a1n, suy ngh\u0129 nhanh h\u01a1n v\u00e0 \u0111\u1ea1t \u0111\u01b0\u1ee3c nhi\u1ec1u th\u00e0nh t\u1ef1u h\u01a1n c\u00f9ng IQ Booster.<\/p>\n","protected":false},"excerpt":{"rendered":"<p>IQ Booster l\u00e0 d\u1ecbch v\u1ee5 r\u00e8n luy\u1ec7n tr\u00ed n\u00e3o \u0111\u01b0\u1ee3c cung c\u1ea5p b\u1edfi iqpro.ai nh\u1eb1m gi\u00fap ng\u01b0\u1eddi d\u00f9ng n\u00e2ng cao k\u1ef9 n\u0103ng nh\u1eadn th\u1ee9c c\u1ee7a m\u00ecnh. L\u00e0 m\u1ed9t ph\u1ea7n c\u1ee7a tr\u1ea3i nghi\u1ec7m iqpro.ai, nh\u1eefng ng\u01b0\u1eddi d\u00f9ng ho\u00e0n th\u00e0nh B\u00e0i ki\u1ec3m tra IQ s\u1ebd \u0111\u01b0\u1ee3c m\u1eddi tham gia IQ Booster \u0111\u1ec3 tr\u1ea3i nghi\u1ec7m r\u00e8n luy\u1ec7n tr\u00ed [&hellip;]<\/p>\n","protected":false},"author":1,"featured_media":0,"parent":0,"menu_order":0,"comment_status":"closed","ping_status":"closed","template":"","meta":{"_acf_changed":false,"footnotes":""},"class_list":["post-2927818","page","type-page","status-publish","hentry"],"acf":[],"_links":{"self":[{"href":"https:\/\/dev.iqpro.ai\/vi\/wp-json\/wp\/v2\/pages\/2927818","targetHints":{"allow":["GET"]}}],"collection":[{"href":"https:\/\/dev.iqpro.ai\/vi\/wp-json\/wp\/v2\/pages"}],"about":[{"href":"https:\/\/dev.iqpro.ai\/vi\/wp-json\/wp\/v2\/types\/page"}],"author":[{"embeddable":true,"href":"https:\/\/dev.iqpro.ai\/vi\/wp-json\/wp\/v2\/users\/1"}],"replies":[{"embeddable":true,"href":"https:\/\/dev.iqpro.ai\/vi\/wp-json\/wp\/v2\/comments?post=2927818"}],"version-history":[{"count":4,"href":"https:\/\/dev.iqpro.ai\/vi\/wp-json\/wp\/v2\/pages\/2927818\/revisions"}],"predecessor-version":[{"id":3115538,"href":"https:\/\/dev.iqpro.ai\/vi\/wp-json\/wp\/v2\/pages\/2927818\/revisions\/3115538"}],"wp:attachment":[{"href":"https:\/\/dev.iqpro.ai\/vi\/wp-json\/wp\/v2\/media?parent=2927818"}],"curies":[{"name":"wp","href":"https:\/\/api.w.org\/{rel}","templated":true}]}}