{"id":2927876,"date":"2020-11-04T13:58:47","date_gmt":"2020-11-04T11:58:47","guid":{"rendered":"https:\/\/dev.iqpro.ai\/about-us\/"},"modified":"2025-09-15T10:43:47","modified_gmt":"2025-09-15T07:43:47","slug":"about-us","status":"publish","type":"page","link":"https:\/\/dev.iqpro.ai\/vi\/about-us\/","title":{"rendered":"V\u1ec1 Ch\u00fang T\u00f4i"},"content":{"rendered":"<p>Ch\u00e0o m\u1eebng b\u1ea1n \u0111\u1ebfn v\u1edbi <strong>IQ Pro<\/strong>, n\u1ec1n t\u1ea3ng h\u00e0ng \u0111\u1ea7u trong l\u0129nh v\u1ef1c ki\u1ec3m tra tr\u00ed tu\u1ec7 v\u00e0 r\u00e8n luy\u1ec7n n\u00e3o b\u1ed9. Ch\u00fang t\u00f4i chuy\u00ean cung c\u1ea5p c\u00e1c b\u00e0i ki\u1ec3m tra IQ ch\u00ednh x\u00e1c, nhanh ch\u00f3ng v\u00e0 d\u1ef1a tr\u00ean khoa h\u1ecdc, gi\u00fap c\u00e1 nh\u00e2n hi\u1ec3u r\u00f5 h\u01a1n v\u1ec1 th\u1ebf m\u1ea1nh tr\u00ed tu\u1ec7 c\u1ee7a m\u00ecnh v\u00e0 khai ph\u00e1 ti\u1ec1m n\u0103ng t\u1ed1i \u0111a.<\/p>\n<p>T\u1ea1i IQ Pro, ch\u00fang t\u00f4i tin r\u1eb1ng tr\u00ed tu\u1ec7 kh\u00f4ng ch\u1ec9 l\u00e0 m\u1ed9t con s\u1ed1\u2014n\u00f3 l\u00e0 c\u1eeda s\u1ed5 \u0111\u1ec3 b\u1ea1n hi\u1ec3u c\u00e1ch suy ngh\u0129, gi\u1ea3i quy\u1ebft v\u1ea5n \u0111\u1ec1 v\u00e0 h\u1ecdc h\u1ecfi. \u0110\u00f3 l\u00e0 l\u00fd do t\u1ea1i sao c\u00e1c b\u00e0i ki\u1ec3m tra c\u1ee7a ch\u00fang t\u00f4i \u0111\u01b0\u1ee3c thi\u1ebft k\u1ebf c\u1ea9n th\u1eadn b\u1edfi \u0111\u1ed9i ng\u0169 c\u00e1c nh\u00e0 t\u00e2m l\u00fd h\u1ecdc, nh\u00e0 khoa h\u1ecdc d\u1eef li\u1ec7u v\u00e0 chuy\u00ean gia v\u1ec1 nh\u1eadn th\u1ee9c v\u1edbi nhi\u1ec1u th\u1eadp k\u1ef7 kinh nghi\u1ec7m trong ph\u00e1t tri\u1ec3n c\u00e1c b\u00e0i \u0111\u00e1nh gi\u00e1 chu\u1ea9n h\u00f3a. M\u1ed7i c\u00e2u h\u1ecfi tr\u00ean n\u1ec1n t\u1ea3ng c\u1ee7a ch\u00fang t\u00f4i \u0111\u1ec1u d\u1ef1a tr\u00ean nghi\u00ean c\u1ee9u v\u00e0 \u0111\u01b0\u1ee3c thi\u1ebft k\u1ebf \u0111\u1ec3 \u0111o l\u01b0\u1eddng nh\u1eefng kh\u1ea3 n\u0103ng nh\u1eadn th\u1ee9c c\u1ed1t l\u00f5i nh\u01b0 t\u01b0 duy logic, nh\u1eadn di\u1ec7n m\u1eabu, tr\u00ed nh\u1edb v\u00e0 kh\u1ea3 n\u0103ng ph\u00e2n t\u00edch.<\/p>\n<h3>T\u1ea1i sao ch\u00fang t\u00f4i t\u1ed3n t\u1ea1i<\/h3>\n<p>Trong th\u1ebf gi\u1edbi hi\u1ec7n \u0111\u1ea1i \u0111\u1ea7y t\u1ed1c \u0111\u1ed9 v\u00e0 th\u00f4ng tin phong ph\u00fa ng\u00e0y nay, hi\u1ec3u c\u00e1ch t\u00e2m tr\u00ed b\u1ea1n ho\u1ea1t \u0111\u1ed9ng l\u00e0 m\u1ed9t c\u00f4ng c\u1ee5 m\u1ea1nh m\u1ebd \u0111\u1ec3 t\u1ef1 kh\u00e1m ph\u00e1 v\u00e0 ph\u00e1t tri\u1ec3n. D\u00f9 b\u1ea1n quan t\u00e2m \u0111\u1ebfn vi\u1ec7c t\u00ecm hi\u1ec3u th\u1ebf m\u1ea1nh nh\u1eadn th\u1ee9c c\u1ee7a m\u00ecnh, theo d\u00f5i hi\u1ec7u su\u1ea5t tinh th\u1ea7n theo th\u1eddi gian, ho\u1eb7c ch\u1ec9 \u0111\u01a1n gi\u1ea3n l\u00e0 th\u1eed th\u00e1ch b\u1ea3n th\u00e2n v\u1edbi m\u1ed9t b\u00e0i ki\u1ec3m tra \u0111\u01b0\u1ee3c thi\u1ebft k\u1ebf khoa h\u1ecdc, IQ Pro mang \u0111\u1ebfn cho b\u1ea1n m\u1ed9t c\u00e1ch \u0111\u00e1nh gi\u00e1 tr\u00ed tu\u1ec7 ch\u00ednh x\u00e1c, th\u00fa v\u1ecb v\u00e0 \u0111\u1ea7y th\u00f4ng tin. S\u1ee9 m\u1ec7nh c\u1ee7a ch\u00fang t\u00f4i l\u00e0 gi\u00fap m\u1ecdi ng\u01b0\u1eddi d\u1ec5 d\u00e0ng ti\u1ebfp c\u1eadn c\u00e1c b\u00e0i ki\u1ec3m tra IQ ch\u1ea5t l\u01b0\u1ee3ng cao\u2014b\u1ea5t k\u1ec3 xu\u1ea5t th\u00e2n, ngh\u1ec1 nghi\u1ec7p hay tr\u00ecnh \u0111\u1ed9 h\u1ecdc v\u1ea5n\u2014\u0111\u1ec3 ai c\u0169ng c\u00f3 th\u1ec3 kh\u00e1m ph\u00e1 ti\u1ec1m n\u0103ng tr\u00ed tu\u1ec7 c\u1ee7a m\u00ecnh m\u1ed9t c\u00e1ch t\u1ef1 tin.<\/p>\n<h3>\u0110i\u1ec1u g\u00ec khi\u1ebfn ch\u00fang t\u00f4i kh\u00e1c bi\u1ec7t<\/h3>\n<ul>\n<li><strong>Thi\u1ebft k\u1ebf d\u1ef1a tr\u00ean khoa h\u1ecdc<\/strong><br \/>\nT\u1ea5t c\u1ea3 c\u00e1c b\u00e0i ki\u1ec3m tra c\u1ee7a ch\u00fang t\u00f4i \u0111\u1ec1u \u0111\u01b0\u1ee3c x\u00e2y d\u1ef1ng d\u1ef1a tr\u00ean c\u00e1c nguy\u00ean t\u1eafc t\u00e2m l\u00fd h\u1ecdc \u0111\u00e3 \u0111\u01b0\u1ee3c ch\u1ee9ng minh v\u00e0 li\u00ean t\u1ee5c \u0111\u01b0\u1ee3c x\u00e1c th\u1ef1c b\u1eb1ng c\u00e1c t\u1eadp d\u1eef li\u1ec7u to\u00e0n c\u1ea7u. \u0110i\u1ec1u n\u00e0y \u0111\u1ea3m b\u1ea3o r\u1eb1ng k\u1ebft qu\u1ea3 v\u1eeba ch\u00ednh x\u00e1c v\u1eeba ph\u00f9 h\u1ee3p.<\/li>\n<li><strong>K\u1ebft qu\u1ea3 ngay l\u1eadp t\u1ee9c, c\u00f3 th\u1ec3 \u00e1p d\u1ee5ng ngay<\/strong><br \/>\nCh\u1ec9 trong v\u00e0i ph\u00fat sau khi ho\u00e0n th\u00e0nh b\u00e0i ki\u1ec3m tra, b\u1ea1n s\u1ebd nh\u1eadn \u0111\u01b0\u1ee3c b\u00e1o c\u00e1o chi ti\u1ebft v\u1ec1 \u0111i\u1ec3m IQ c\u1ee7a m\u00ecnh, bao g\u1ed3m c\u00e1c th\u00f4ng tin v\u1ec1 th\u1ebf m\u1ea1nh nh\u1eadn th\u1ee9c v\u00e0 nh\u1eefng \u0111i\u1ec3m c\u1ea7n c\u1ea3i thi\u1ec7n. Kh\u00f4ng c\u1ea7n ch\u1edd \u0111\u1ee3i, kh\u00f4ng ph\u1ea3i \u0111o\u00e1n m\u00f2.<\/li>\n<li><strong>So s\u00e1nh to\u00e0n c\u1ea7u<\/strong><br \/>\nN\u1ec1n t\u1ea3ng c\u1ee7a ch\u00fang t\u00f4i cho ph\u00e9p b\u1ea1n so s\u00e1nh k\u1ebft qu\u1ea3 v\u1edbi h\u00e0ng ng\u00e0n ng\u01b0\u1eddi d\u00f9ng kh\u00e1c t\u1eeb kh\u1eafp n\u01a1i tr\u00ean th\u1ebf gi\u1edbi, gi\u00fap b\u1ea1n c\u00f3 c\u00e1i nh\u00ecn r\u00f5 r\u00e0ng v\u1ec1 v\u1ecb tr\u00ed c\u1ee7a m\u00ecnh tr\u00ean to\u00e0n c\u1ea7u.<\/li>\n<li><strong>B\u00e1o c\u00e1o \u0111\u01b0\u1ee3c ch\u1ee9ng nh\u1eadn<\/strong><br \/>\nCh\u00fang t\u00f4i cung c\u1ea5p ch\u1ee9ng ch\u1ec9 IQ ch\u00ednh th\u1ee9c v\u00e0 b\u00e1o c\u00e1o hi\u1ec7u su\u1ea5t c\u00f3 th\u1ec3 t\u1ea3i v\u1ec1\u2014tuy\u1ec7t v\u1eddi cho h\u1ed3 s\u01a1 h\u1ecdc t\u1eadp, \u0111\u01a1n xin vi\u1ec7c ho\u1eb7c ph\u00e1t tri\u1ec3n c\u00e1 nh\u00e2n.<\/li>\n<li><strong>T\u00f9y ch\u1ecdn r\u00e8n luy\u1ec7n n\u00e3o b\u1ed9<\/strong><br \/>\nMu\u1ed1n \u0111i xa h\u01a1n b\u00e0i ki\u1ec3m tra? Ch\u00fang t\u00f4i cung c\u1ea5p c\u00e1c k\u1ebf ho\u1ea1ch r\u00e8n luy\u1ec7n n\u00e3o b\u1ed9 t\u00f9y ch\u1ec9nh d\u1ef1a tr\u00ean h\u1ed3 s\u01a1 IQ c\u1ee7a b\u1ea1n, gi\u00fap b\u1ea1n n\u00e2ng cao hi\u1ec7u su\u1ea5t tinh th\u1ea7n theo th\u1eddi gian.<\/li>\n<\/ul>\n<h3>\u0110\u01b0\u1ee3c h\u00e0ng ng\u00e0n ng\u01b0\u1eddi tin t\u01b0\u1edfng<\/h3>\n<p>K\u1ec3 t\u1eeb khi ra m\u1eaft, IQ Pro \u0111\u00e3 tr\u1edf th\u00e0nh c\u00f4ng c\u1ee5 \u0111\u00e1ng tin c\u1eady cho c\u00e1c c\u00e1 nh\u00e2n, nh\u00e0 gi\u00e1o d\u1ee5c v\u00e0 chuy\u00ean gia mong mu\u1ed1n c\u00f3 \u0111\u00e1nh gi\u00e1 nh\u1eadn th\u1ee9c ch\u00ednh x\u00e1c v\u00e0 d\u1ec5 hi\u1ec3u. Ng\u01b0\u1eddi d\u00f9ng c\u1ee7a ch\u00fang t\u00f4i \u0111\u1ebfn t\u1eeb nhi\u1ec1u ho\u00e0n c\u1ea3nh kh\u00e1c nhau\u2014sinh vi\u00ean, chuy\u00ean gia, nh\u1eefng ng\u01b0\u1eddi h\u1ecdc su\u1ed1t \u0111\u1eddi\u2014t\u1ea5t c\u1ea3 \u0111\u1ec1u c\u00f9ng chung mong mu\u1ed1n hi\u1ec3u v\u00e0 ph\u00e1t tri\u1ec3n kh\u1ea3 n\u0103ng tr\u00ed tu\u1ec7 c\u1ee7a m\u00ecnh.<\/p>\n<h3>Cam k\u1ebft c\u1ee7a ch\u00fang t\u00f4i<\/h3>\n<p>Tr\u1ea3i nghi\u1ec7m v\u00e0 quy\u1ec1n ri\u00eang t\u01b0 c\u1ee7a b\u1ea1n l\u00e0 \u01b0u ti\u00ean h\u00e0ng \u0111\u1ea7u c\u1ee7a ch\u00fang t\u00f4i. IQ Pro ho\u00e0n to\u00e0n an to\u00e0n, d\u1ec5 s\u1eed d\u1ee5ng v\u00e0 t\u1ed1i \u01b0u cho c\u1ea3 m\u00e1y t\u00ednh \u0111\u1ec3 b\u00e0n v\u00e0 thi\u1ebft b\u1ecb di \u0111\u1ed9ng. Ch\u00fang t\u00f4i li\u00ean t\u1ee5c c\u1ea3i ti\u1ebfn c\u00f4ng c\u1ee5 d\u1ef1a tr\u00ean ph\u1ea3n h\u1ed3i c\u1ee7a ng\u01b0\u1eddi d\u00f9ng v\u00e0 nh\u1eefng ti\u1ebfn b\u1ed9 khoa h\u1ecdc \u0111\u1ec3 \u0111\u1ea3m b\u1ea3o b\u1ea1n c\u00f3 \u0111\u01b0\u1ee3c tr\u1ea3i nghi\u1ec7m t\u1ed1t nh\u1ea5t.<\/p>\n<p>C\u1ea3m \u01a1n b\u1ea1n \u0111\u00e3 ch\u1ecdn IQ Pro l\u00e0m \u0111\u1ed1i t\u00e1c trong h\u00e0nh tr\u00ecnh kh\u00e1m ph\u00e1 tr\u00ed tu\u1ec7. Ch\u00fang t\u00f4i r\u1ea5t vui \u0111\u01b0\u1ee3c \u0111\u1ed3ng h\u00e0nh c\u00f9ng b\u1ea1n tr\u00ean con \u0111\u01b0\u1eddng ph\u00e1t tri\u1ec3n c\u00e1 nh\u00e2n v\u00e0 s\u1ef1 nghi\u1ec7p.<\/p>\n","protected":false},"excerpt":{"rendered":"<p>Ch\u00e0o m\u1eebng b\u1ea1n \u0111\u1ebfn v\u1edbi IQ Pro, n\u1ec1n t\u1ea3ng h\u00e0ng \u0111\u1ea7u trong l\u0129nh v\u1ef1c ki\u1ec3m tra tr\u00ed tu\u1ec7 v\u00e0 r\u00e8n luy\u1ec7n n\u00e3o b\u1ed9. Ch\u00fang t\u00f4i chuy\u00ean cung c\u1ea5p c\u00e1c b\u00e0i ki\u1ec3m tra IQ ch\u00ednh x\u00e1c, nhanh ch\u00f3ng v\u00e0 d\u1ef1a tr\u00ean khoa h\u1ecdc, gi\u00fap c\u00e1 nh\u00e2n hi\u1ec3u r\u00f5 h\u01a1n v\u1ec1 th\u1ebf m\u1ea1nh tr\u00ed tu\u1ec7 c\u1ee7a m\u00ecnh [&hellip;]<\/p>\n","protected":false},"author":1,"featured_media":0,"parent":0,"menu_order":0,"comment_status":"closed","ping_status":"closed","template":"","meta":{"_acf_changed":false,"footnotes":""},"class_list":["post-2927876","page","type-page","status-publish","hentry"],"acf":[],"_links":{"self":[{"href":"https:\/\/dev.iqpro.ai\/vi\/wp-json\/wp\/v2\/pages\/2927876","targetHints":{"allow":["GET"]}}],"collection":[{"href":"https:\/\/dev.iqpro.ai\/vi\/wp-json\/wp\/v2\/pages"}],"about":[{"href":"https:\/\/dev.iqpro.ai\/vi\/wp-json\/wp\/v2\/types\/page"}],"author":[{"embeddable":true,"href":"https:\/\/dev.iqpro.ai\/vi\/wp-json\/wp\/v2\/users\/1"}],"replies":[{"embeddable":true,"href":"https:\/\/dev.iqpro.ai\/vi\/wp-json\/wp\/v2\/comments?post=2927876"}],"version-history":[{"count":2,"href":"https:\/\/dev.iqpro.ai\/vi\/wp-json\/wp\/v2\/pages\/2927876\/revisions"}],"predecessor-version":[{"id":2930478,"href":"https:\/\/dev.iqpro.ai\/vi\/wp-json\/wp\/v2\/pages\/2927876\/revisions\/2930478"}],"wp:attachment":[{"href":"https:\/\/dev.iqpro.ai\/vi\/wp-json\/wp\/v2\/media?parent=2927876"}],"curies":[{"name":"wp","href":"https:\/\/api.w.org\/{rel}","templated":true}]}}