{"id":2927887,"date":"2020-11-04T13:56:06","date_gmt":"2020-11-04T11:56:06","guid":{"rendered":"https:\/\/dev.iqpro.ai\/contact\/"},"modified":"2025-09-12T10:08:59","modified_gmt":"2025-09-12T07:08:59","slug":"contact","status":"publish","type":"page","link":"https:\/\/dev.iqpro.ai\/vi\/contact\/","title":{"rendered":"Li\u00ean h\u1ec7"},"content":{"rendered":"<h4>Ch\u00fang t\u00f4i c\u00f3 th\u1ec3 gi\u00fap g\u00ec cho b\u1ea1n?<\/h4>\n<p>H\u00e3y \u0111\u1ec3 l\u1ea1i l\u1eddi nh\u1eafn t\u1ea1i \u0111\u00e2y v\u00e0 ch\u00fang t\u00f4i s\u1ebd ph\u1ea3n h\u1ed3i b\u1ea1n trong th\u1eddi gian s\u1edbm nh\u1ea5t.<\/p>\n<p>N\u1ebfu b\u1ea1n kh\u00f4ng nh\u1eadn \u0111\u01b0\u1ee3c ph\u1ea3n h\u1ed3i sau 1-2 ng\u00e0y, vui l\u00f2ng ki\u1ec3m tra h\u1ed9p th\u01b0 r\u00e1c.<\/p>\n","protected":false},"excerpt":{"rendered":"<p>Ch\u00fang t\u00f4i c\u00f3 th\u1ec3 gi\u00fap g\u00ec cho b\u1ea1n? H\u00e3y \u0111\u1ec3 l\u1ea1i l\u1eddi nh\u1eafn t\u1ea1i \u0111\u00e2y v\u00e0 ch\u00fang t\u00f4i s\u1ebd ph\u1ea3n h\u1ed3i b\u1ea1n trong th\u1eddi gian s\u1edbm nh\u1ea5t. N\u1ebfu b\u1ea1n kh\u00f4ng nh\u1eadn \u0111\u01b0\u1ee3c ph\u1ea3n h\u1ed3i sau 1-2 ng\u00e0y, vui l\u00f2ng ki\u1ec3m tra h\u1ed9p th\u01b0 r\u00e1c.<\/p>\n","protected":false},"author":1,"featured_media":2927888,"parent":0,"menu_order":0,"comment_status":"closed","ping_status":"closed","template":"page-template\/contact.php","meta":{"_acf_changed":false,"footnotes":""},"class_list":["post-2927887","page","type-page","status-publish","has-post-thumbnail","hentry"],"acf":[],"_links":{"self":[{"href":"https:\/\/dev.iqpro.ai\/vi\/wp-json\/wp\/v2\/pages\/2927887","targetHints":{"allow":["GET"]}}],"collection":[{"href":"https:\/\/dev.iqpro.ai\/vi\/wp-json\/wp\/v2\/pages"}],"about":[{"href":"https:\/\/dev.iqpro.ai\/vi\/wp-json\/wp\/v2\/types\/page"}],"author":[{"embeddable":true,"href":"https:\/\/dev.iqpro.ai\/vi\/wp-json\/wp\/v2\/users\/1"}],"replies":[{"embeddable":true,"href":"https:\/\/dev.iqpro.ai\/vi\/wp-json\/wp\/v2\/comments?post=2927887"}],"version-history":[{"count":2,"href":"https:\/\/dev.iqpro.ai\/vi\/wp-json\/wp\/v2\/pages\/2927887\/revisions"}],"predecessor-version":[{"id":2928621,"href":"https:\/\/dev.iqpro.ai\/vi\/wp-json\/wp\/v2\/pages\/2927887\/revisions\/2928621"}],"wp:featuredmedia":[{"embeddable":true,"href":"https:\/\/dev.iqpro.ai\/vi\/wp-json\/wp\/v2\/media\/2927888"}],"wp:attachment":[{"href":"https:\/\/dev.iqpro.ai\/vi\/wp-json\/wp\/v2\/media?parent=2927887"}],"curies":[{"name":"wp","href":"https:\/\/api.w.org\/{rel}","templated":true}]}}